{"id":1491,"date":"2025-09-22T10:01:35","date_gmt":"2025-09-22T08:01:35","guid":{"rendered":"https:\/\/mspos.grupalucrum.pl\/?page_id=1491"},"modified":"2025-10-08T09:29:43","modified_gmt":"2025-10-08T07:29:43","slug":"kontakt","status":"publish","type":"page","link":"https:\/\/mspos.grupalucrum.pl\/pl_PL\/kontakt\/","title":{"rendered":"Kontakt"},"content":{"rendered":"\t\t<div data-elementor-type=\"wp-page\" data-elementor-id=\"1491\" class=\"elementor elementor-1491\" data-elementor-post-type=\"page\">\n\t\t\t\t<div class=\"elementor-element elementor-element-0e4a8fb e-flex e-con-boxed e-con e-parent\" data-id=\"0e4a8fb\" data-element_type=\"container\" data-e-type=\"container\" data-settings=\"{&quot;background_background&quot;:&quot;classic&quot;}\">\n\t\t\t\t\t<div class=\"e-con-inner\">\n\t\t<div class=\"elementor-element elementor-element-a8902c7 e-con-full e-flex e-con e-child\" data-id=\"a8902c7\" data-element_type=\"container\" data-e-type=\"container\">\n\t\t<div class=\"elementor-element elementor-element-95265a6 e-con-full e-flex e-con e-child\" data-id=\"95265a6\" data-element_type=\"container\" data-e-type=\"container\">\n\t\t<div class=\"elementor-element elementor-element-1c88ba4 e-con-full e-flex e-con e-child\" data-id=\"1c88ba4\" data-element_type=\"container\" data-e-type=\"container\">\n\t\t<div class=\"elementor-element elementor-element-c833f68 e-con-full e-flex e-con e-child\" data-id=\"c833f68\" data-element_type=\"container\" data-e-type=\"container\">\n\t\t\t\t<div class=\"elementor-element elementor-element-5c03b31 elementor-widget elementor-widget-heading\" data-id=\"5c03b31\" data-element_type=\"widget\" data-e-type=\"widget\" data-widget_type=\"heading.default\">\n\t\t\t\t\t<h2 class=\"elementor-heading-title elementor-size-default\">Porozmawiaj z ekspertem<\/h2>\t\t\t\t<\/div>\n\t\t\t\t<div class=\"elementor-element elementor-element-26a7196 elementor-widget__width-initial elementor-widget elementor-widget-text-editor\" data-id=\"26a7196\" data-element_type=\"widget\" data-e-type=\"widget\" data-widget_type=\"text-editor.default\">\n\t\t\t\t\t\t\t\t\t<p>Chcesz dowiedzie\u0107 si\u0119 wi\u0119cej o naszych wdro\u017ceniach i metodologii pracy? <br \/>Skontaktuj si\u0119 z nami, a otrzymasz pe\u0142ne wsparcie w doborze rozwi\u0105za\u0144 bezpiecze\u0144stwa, finans\u00f3w i operacji.<\/p>\t\t\t\t\t\t\t\t<\/div>\n\t\t\t\t<div class=\"elementor-element elementor-element-b43d506 elementor-widget__width-inherit elementor-widget elementor-widget-wpforms\" data-id=\"b43d506\" data-element_type=\"widget\" data-e-type=\"widget\" data-widget_type=\"wpforms.default\">\n\t\t\t\t<div class=\"elementor-widget-container\">\n\t\t\t\t\t<style id=\"wpforms-css-vars-elementor-widget-b43d506\">\n\t\t\t\t.elementor-widget-wpforms.elementor-element-b43d506 {\n\t\t\t\t--wpforms-field-border-color: #3F4A99;\n--wpforms-field-border-color-spare: #3F4A99;\n--wpforms-field-text-color: #1A1A2E;\n--wpforms-button-border-style: solid;\n--wpforms-button-border-size: 4px;\n--wpforms-button-background-color: #3F4A99;\n--wpforms-button-border-color: #CCD0EA;\n--wpforms-button-text-color: #E9EBF6;\n--wpforms-field-size-input-height: 50px;\n--wpforms-field-size-input-spacing: 20px;\n--wpforms-field-size-font-size: 18px;\n--wpforms-field-size-line-height: 21px;\n--wpforms-field-size-padding-h: 14px;\n--wpforms-field-size-checkbox-size: 18px;\n--wpforms-field-size-sublabel-spacing: 10px;\n--wpforms-field-size-icon-size: 1.25;\n--wpforms-button-size-font-size: 20px;\n--wpforms-button-size-height: 48px;\n--wpforms-button-size-padding-h: 20px;\n--wpforms-button-size-margin-top: 15px;\n\n\t\t\t}\n\t\t\t<\/style><div class=\"wpforms-container wpforms-container-full wpforms-render-modern\" id=\"wpforms-1494\"><form id=\"wpforms-form-1494\" class=\"wpforms-validate wpforms-form wpforms-ajax-form\" data-formid=\"1494\" method=\"post\" enctype=\"multipart\/form-data\" action=\"\/pl_PL\/wp-json\/wp\/v2\/pages\/1491\" data-token=\"828af138351bf04ee73fe4f28e06f0e8\" data-token-time=\"1776701263\"><noscript class=\"wpforms-error-noscript\">Aby wype\u0142ni\u0107 ten formularz, w\u0142\u0105cz obs\u0142ug\u0119 JavaScript w przegl\u0105darce.<\/noscript><div id=\"wpforms-error-noscript\" style=\"display: none;\">Aby wype\u0142ni\u0107 ten formularz, w\u0142\u0105cz obs\u0142ug\u0119 JavaScript w przegl\u0105darce.<\/div><div class=\"wpforms-field-container\"><div id=\"wpforms-1494-field_1-container\" class=\"wpforms-field wpforms-field-name\" data-field-id=\"1\"><label class=\"wpforms-field-label\" for=\"wpforms-1494-field_1\">Imi\u0119 i nazwisko <span class=\"wpforms-required-label\" aria-hidden=\"true\">*<\/span><\/label><input type=\"text\" id=\"wpforms-1494-field_1\" class=\"wpforms-field-large wpforms-field-required\" name=\"wpforms[fields][1]\" aria-errormessage=\"wpforms-1494-field_1-error\" required><\/div><div id=\"wpforms-1494-field_10-container\" class=\"wpforms-field wpforms-field-layout\" data-field-id=\"10\"><div class=\"wpforms-field-layout-rows wpforms-field-large\"><div class=\"wpforms-layout-row\"><div class=\"wpforms-layout-column wpforms-layout-column-50\"><div id=\"wpforms-1494-field_2-container\" class=\"wpforms-field wpforms-field-email\" data-field-id=\"2\"><label class=\"wpforms-field-label\" for=\"wpforms-1494-field_2\">E-mail <span class=\"wpforms-required-label\" aria-hidden=\"true\">*<\/span><\/label><input type=\"email\" id=\"wpforms-1494-field_2\" class=\"wpforms-field-medium wpforms-field-required\" name=\"wpforms[fields][2]\" spellcheck=\"false\" aria-errormessage=\"wpforms-1494-field_2-error\" required><\/div><\/div><div class=\"wpforms-layout-column wpforms-layout-column-50\"><div id=\"wpforms-1494-field_9-container\" class=\"wpforms-field wpforms-field-phone\" data-field-id=\"9\"><label class=\"wpforms-field-label\" for=\"wpforms-1494-field_9\">Telefon<\/label><input type=\"tel\" id=\"wpforms-1494-field_9\" class=\"wpforms-field-medium wpforms-smart-phone-field\" data-rule-smart-phone-field=\"true\" name=\"wpforms[fields][9]\" aria-label=\"Telefon\" aria-errormessage=\"wpforms-1494-field_9-error\" ><\/div><\/div><\/div><\/div><\/div>\t\t<div id=\"wpforms-1494-field_4-container\"\n\t\t\tclass=\"wpforms-field wpforms-field-text\"\n\t\t\tdata-field-type=\"text\"\n\t\t\tdata-field-id=\"4\"\n\t\t\t>\n\t\t\t<label class=\"wpforms-field-label\" for=\"wpforms-1494-field_4\" >E-mail Imi\u0119 i<\/label>\n\t\t\t<input type=\"text\" id=\"wpforms-1494-field_4\" class=\"wpforms-field-medium\" name=\"wpforms[fields][4]\" >\n\t\t<\/div>\n\t\t<div id=\"wpforms-1494-field_3-container\" class=\"wpforms-field wpforms-field-textarea\" data-field-id=\"3\"><label class=\"wpforms-field-label\" for=\"wpforms-1494-field_3\">Wiadomo\u015b\u0107 <span class=\"wpforms-required-label\" aria-hidden=\"true\">*<\/span><\/label><textarea id=\"wpforms-1494-field_3\" class=\"wpforms-field-medium wpforms-field-required\" name=\"wpforms[fields][3]\" aria-errormessage=\"wpforms-1494-field_3-error\" required><\/textarea><\/div><div id=\"wpforms-1494-field_15-container\" class=\"wpforms-field wpforms-field-checkbox wpforms-list-inline\" data-field-id=\"15\"><fieldset><legend class=\"wpforms-field-label wpforms-label-hide\" aria-hidden=\"false\">Akceptuj\u0119 Warunki i Zasady <span class=\"wpforms-required-label\" aria-hidden=\"true\">*<\/span><\/legend><ul id=\"wpforms-1494-field_15\" class=\"wpforms-field-required\"><li class=\"choice-1 depth-1\"><input type=\"checkbox\" id=\"wpforms-1494-field_15_1\" name=\"wpforms[fields][15][]\" value=\"Akceptuj\u0119 Warunki i Zasady opisane w naszej polityce prywatno\u015bci\" aria-errormessage=\"wpforms-1494-field_15_1-error\" required ><label class=\"wpforms-field-label-inline\" for=\"wpforms-1494-field_15_1\">Akceptuj\u0119 Warunki i Zasady opisane w naszej polityce prywatno\u015bci<\/label><\/li><\/ul><\/fieldset><\/div><script>\n\t\t\t\t( function() {\n\t\t\t\t\tconst style = document.createElement( 'style' );\n\t\t\t\t\tstyle.appendChild( document.createTextNode( '#wpforms-1494-field_4-container { position: absolute !important; overflow: hidden !important; display: inline !important; height: 1px !important; width: 1px !important; z-index: -1000 !important; padding: 0 !important; } #wpforms-1494-field_4-container input { visibility: hidden; } #wpforms-conversational-form-page #wpforms-1494-field_4-container label { counter-increment: none; }' ) );\n\t\t\t\t\tdocument.head.appendChild( style );\n\t\t\t\t\tdocument.currentScript?.remove();\n\t\t\t\t} )();\n\t\t\t<\/script><\/div><!-- .wpforms-field-container --><div class=\"wpforms-submit-container\" ><input type=\"hidden\" name=\"wpforms[id]\" value=\"1494\"><input type=\"hidden\" name=\"page_title\" value=\"\"><input type=\"hidden\" name=\"page_url\" value=\"https:\/\/mspos.grupalucrum.pl\/pl_PL\/wp-json\/wp\/v2\/pages\/1491\"><input type=\"hidden\" name=\"url_referer\" value=\"\"><button type=\"submit\" name=\"wpforms[submit]\" id=\"wpforms-submit-1494\" class=\"wpforms-submit\" data-alt-text=\"Wysy\u0142anie...\" data-submit-text=\"Wy\u015blij wiadomo\u015b\u0107\" aria-live=\"assertive\" value=\"wpforms-submit\">Wy\u015blij wiadomo\u015b\u0107<\/button><img decoding=\"async\" src=\"https:\/\/mspos.grupalucrum.pl\/wp-content\/plugins\/wpforms\/assets\/images\/submit-spin.svg\" class=\"wpforms-submit-spinner\" style=\"display: none;\" width=\"26\" height=\"26\" alt=\"Wczytywanie\"><\/div><\/form><\/div>  <!-- .wpforms-container -->\t\t\t\t<\/div>\n\t\t\t\t<\/div>\n\t\t\t\t<\/div>\n\t\t\t\t<\/div>\n\t\t<div class=\"elementor-element elementor-element-2f67bca e-con-full e-flex e-con e-child\" data-id=\"2f67bca\" data-element_type=\"container\" data-e-type=\"container\">\n\t\t\t\t<div class=\"elementor-element elementor-element-4be4628 elementor-widget elementor-widget-image\" data-id=\"4be4628\" data-element_type=\"widget\" data-e-type=\"widget\" data-widget_type=\"image.default\">\n\t\t\t\t\t\t\t\t\t\t\t\t\t\t\t<img fetchpriority=\"high\" decoding=\"async\" width=\"800\" height=\"800\" src=\"https:\/\/mspos.grupalucrum.pl\/wp-content\/uploads\/2025\/10\/biuro-1024x1024.webp\" class=\"attachment-large size-large wp-image-2258\" alt=\"\" srcset=\"https:\/\/mspos.grupalucrum.pl\/wp-content\/uploads\/2025\/10\/biuro-1024x1024.webp 1024w, https:\/\/mspos.grupalucrum.pl\/wp-content\/uploads\/2025\/10\/biuro-300x300.webp 300w, https:\/\/mspos.grupalucrum.pl\/wp-content\/uploads\/2025\/10\/biuro-150x150.webp 150w, https:\/\/mspos.grupalucrum.pl\/wp-content\/uploads\/2025\/10\/biuro-768x768.webp 768w, https:\/\/mspos.grupalucrum.pl\/wp-content\/uploads\/2025\/10\/biuro.webp 1080w\" sizes=\"(max-width: 800px) 100vw, 800px\" \/>\t\t\t\t\t\t\t\t\t\t\t\t\t\t\t<\/div>\n\t\t\t\t<div class=\"elementor-element elementor-element-790e476 elementor-widget elementor-widget-heading\" data-id=\"790e476\" data-element_type=\"widget\" data-e-type=\"widget\" data-widget_type=\"heading.default\">\n\t\t\t\t\t<h2 class=\"elementor-heading-title elementor-size-default\">\u0141\u00f3d\u017a, Polska<\/h2>\t\t\t\t<\/div>\n\t\t\t\t<div class=\"elementor-element elementor-element-ecef20d elementor-widget__width-initial elementor-widget elementor-widget-text-editor\" data-id=\"ecef20d\" data-element_type=\"widget\" data-e-type=\"widget\" data-widget_type=\"text-editor.default\">\n\t\t\t\t\t\t\t\t\t<p>ul. W\u00f3lcza\u0144ska 143, 90-525\u00a0\u0141\u00f3d\u017a<br \/>MS POS Poland Sp. z o.o.<br \/>(+48) 43 888 10 80<\/p>\t\t\t\t\t\t\t\t<\/div>\n\t\t\t\t<div class=\"elementor-element elementor-element-ffa3214 elementor-align-left elementor-widget elementor-widget-button\" data-id=\"ffa3214\" data-element_type=\"widget\" data-e-type=\"widget\" data-widget_type=\"button.default\">\n\t\t\t\t\t\t\t\t\t\t<a class=\"elementor-button elementor-button-link elementor-size-sm\" href=\"#\">\n\t\t\t\t\t\t<span class=\"elementor-button-content-wrapper\">\n\t\t\t\t\t\t<span class=\"elementor-button-icon\">\n\t\t\t\t<svg aria-hidden=\"true\" class=\"e-font-icon-svg e-fas-arrow-right\" viewBox=\"0 0 448 512\" xmlns=\"http:\/\/www.w3.org\/2000\/svg\"><path d=\"M190.5 66.9l22.2-22.2c9.4-9.4 24.6-9.4 33.9 0L441 239c9.4 9.4 9.4 24.6 0 33.9L246.6 467.3c-9.4 9.4-24.6 9.4-33.9 0l-22.2-22.2c-9.5-9.5-9.3-25 .4-34.3L311.4 296H24c-13.3 0-24-10.7-24-24v-32c0-13.3 10.7-24 24-24h287.4L190.9 101.2c-9.8-9.3-10-24.8-.4-34.3z\"><\/path><\/svg>\t\t\t<\/span>\n\t\t\t\t\t\t\t\t\t<span class=\"elementor-button-text\">Zobacz na mapie<\/span>\n\t\t\t\t\t<\/span>\n\t\t\t\t\t<\/a>\n\t\t\t\t\t\t\t\t<\/div>\n\t\t\t\t<div class=\"elementor-element elementor-element-ec61d56 elementor-widget elementor-widget-image\" data-id=\"ec61d56\" data-element_type=\"widget\" data-e-type=\"widget\" data-widget_type=\"image.default\">\n\t\t\t\t\t\t\t\t\t\t\t\t\t\t\t<img decoding=\"async\" width=\"319\" height=\"300\" src=\"https:\/\/mspos.grupalucrum.pl\/wp-content\/uploads\/2025\/09\/Placeholder-Image-10.png\" class=\"attachment-large size-large wp-image-1506\" alt=\"\" srcset=\"https:\/\/mspos.grupalucrum.pl\/wp-content\/uploads\/2025\/09\/Placeholder-Image-10.png 319w, https:\/\/mspos.grupalucrum.pl\/wp-content\/uploads\/2025\/09\/Placeholder-Image-10-300x282.png 300w\" sizes=\"(max-width: 319px) 100vw, 319px\" \/>\t\t\t\t\t\t\t\t\t\t\t\t\t\t\t<\/div>\n\t\t\t\t<div class=\"elementor-element elementor-element-35ccc6d elementor-widget elementor-widget-heading\" data-id=\"35ccc6d\" data-element_type=\"widget\" data-e-type=\"widget\" data-widget_type=\"heading.default\">\n\t\t\t\t\t<h2 class=\"elementor-heading-title elementor-size-default\">Willich, Niemcy<\/h2>\t\t\t\t<\/div>\n\t\t\t\t<div class=\"elementor-element elementor-element-1b059d7 elementor-widget__width-initial elementor-widget elementor-widget-text-editor\" data-id=\"1b059d7\" data-element_type=\"widget\" data-e-type=\"widget\" data-widget_type=\"text-editor.default\">\n\t\t\t\t\t\t\t\t\t<p>Gie\u00dferallee 1, 47877 Willich<br \/>MS POS GmbH<br \/>(+49) 2154 81254 10<\/p>\t\t\t\t\t\t\t\t<\/div>\n\t\t\t\t<div class=\"elementor-element elementor-element-3b49906 elementor-align-left elementor-widget elementor-widget-button\" data-id=\"3b49906\" data-element_type=\"widget\" data-e-type=\"widget\" data-widget_type=\"button.default\">\n\t\t\t\t\t\t\t\t\t\t<a class=\"elementor-button elementor-button-link elementor-size-sm\" href=\"#\">\n\t\t\t\t\t\t<span class=\"elementor-button-content-wrapper\">\n\t\t\t\t\t\t<span class=\"elementor-button-icon\">\n\t\t\t\t<svg aria-hidden=\"true\" class=\"e-font-icon-svg e-fas-arrow-right\" viewBox=\"0 0 448 512\" xmlns=\"http:\/\/www.w3.org\/2000\/svg\"><path d=\"M190.5 66.9l22.2-22.2c9.4-9.4 24.6-9.4 33.9 0L441 239c9.4 9.4 9.4 24.6 0 33.9L246.6 467.3c-9.4 9.4-24.6 9.4-33.9 0l-22.2-22.2c-9.5-9.5-9.3-25 .4-34.3L311.4 296H24c-13.3 0-24-10.7-24-24v-32c0-13.3 10.7-24 24-24h287.4L190.9 101.2c-9.8-9.3-10-24.8-.4-34.3z\"><\/path><\/svg>\t\t\t<\/span>\n\t\t\t\t\t\t\t\t\t<span class=\"elementor-button-text\">Zobacz na mapie<\/span>\n\t\t\t\t\t<\/span>\n\t\t\t\t\t<\/a>\n\t\t\t\t\t\t\t\t<\/div>\n\t\t\t\t<\/div>\n\t\t\t\t<\/div>\n\t\t\t\t<\/div>\n\t\t\t\t\t<\/div>\n\t\t\t\t<\/div>\n\t\t\t\t<\/div>\n\t\t","protected":false},"excerpt":{"rendered":"<p>Porozmawiaj z ekspertem Chcesz dowiedzie\u0107 si\u0119 wi\u0119cej o naszych wdro\u017ceniach i metodologii pracy? Skontaktuj si\u0119 z nami, a otrzymasz pe\u0142ne wsparcie w doborze rozwi\u0105za\u0144 bezpiecze\u0144stwa, finans\u00f3w i operacji. \u0141\u00f3d\u017a, Polska ul. W\u00f3lcza\u0144ska 143, 90-525\u00a0\u0141\u00f3d\u017aMS POS Poland Sp. z o.o.(+48) 43 888 10 80 Zobacz na mapie Willich, Niemcy Gie\u00dferallee 1, 47877 WillichMS POS GmbH(+49) 2154 [&hellip;]<\/p>\n","protected":false},"author":1,"featured_media":0,"parent":0,"menu_order":0,"comment_status":"closed","ping_status":"closed","template":"","meta":{"inline_featured_image":false,"footnotes":""},"class_list":["post-1491","page","type-page","status-publish","hentry"],"_links":{"self":[{"href":"https:\/\/mspos.grupalucrum.pl\/pl_PL\/wp-json\/wp\/v2\/pages\/1491","targetHints":{"allow":["GET"]}}],"collection":[{"href":"https:\/\/mspos.grupalucrum.pl\/pl_PL\/wp-json\/wp\/v2\/pages"}],"about":[{"href":"https:\/\/mspos.grupalucrum.pl\/pl_PL\/wp-json\/wp\/v2\/types\/page"}],"author":[{"embeddable":true,"href":"https:\/\/mspos.grupalucrum.pl\/pl_PL\/wp-json\/wp\/v2\/users\/1"}],"replies":[{"embeddable":true,"href":"https:\/\/mspos.grupalucrum.pl\/pl_PL\/wp-json\/wp\/v2\/comments?post=1491"}],"version-history":[{"count":22,"href":"https:\/\/mspos.grupalucrum.pl\/pl_PL\/wp-json\/wp\/v2\/pages\/1491\/revisions"}],"predecessor-version":[{"id":2261,"href":"https:\/\/mspos.grupalucrum.pl\/pl_PL\/wp-json\/wp\/v2\/pages\/1491\/revisions\/2261"}],"wp:attachment":[{"href":"https:\/\/mspos.grupalucrum.pl\/pl_PL\/wp-json\/wp\/v2\/media?parent=1491"}],"curies":[{"name":"wp","href":"https:\/\/api.w.org\/{rel}","templated":true}]}}