{"id":1477,"date":"2025-09-22T09:48:25","date_gmt":"2025-09-22T07:48:25","guid":{"rendered":"https:\/\/mspos.grupalucrum.pl\/?page_id=1477"},"modified":"2025-09-25T09:58:47","modified_gmt":"2025-09-25T07:58:47","slug":"wspolpraca","status":"publish","type":"page","link":"https:\/\/mspos.grupalucrum.pl\/pl_PL\/wspolpraca\/","title":{"rendered":"Wsp\u00f3\u0142praca"},"content":{"rendered":"\t\t<div data-elementor-type=\"wp-page\" data-elementor-id=\"1477\" class=\"elementor elementor-1477\" data-elementor-post-type=\"page\">\n\t\t\t\t<div class=\"elementor-element elementor-element-76443ca e-flex e-con-boxed e-con e-parent\" data-id=\"76443ca\" data-element_type=\"container\" data-e-type=\"container\" data-settings=\"{&quot;background_background&quot;:&quot;classic&quot;}\">\n\t\t\t\t\t<div class=\"e-con-inner\">\n\t\t<div class=\"elementor-element elementor-element-9be80b7 e-con-full e-flex e-con e-child\" data-id=\"9be80b7\" data-element_type=\"container\" data-e-type=\"container\">\n\t\t<div class=\"elementor-element elementor-element-1f81c5e e-con-full e-flex e-con e-child\" data-id=\"1f81c5e\" data-element_type=\"container\" data-e-type=\"container\">\n\t\t<div class=\"elementor-element elementor-element-10af6f2 e-con-full e-flex e-con e-child\" data-id=\"10af6f2\" data-element_type=\"container\" data-e-type=\"container\">\n\t\t<div class=\"elementor-element elementor-element-2b5eac3 e-con-full e-flex e-con e-child\" data-id=\"2b5eac3\" data-element_type=\"container\" data-e-type=\"container\">\n\t\t\t\t<div class=\"elementor-element elementor-element-99b7fac elementor-widget elementor-widget-heading\" data-id=\"99b7fac\" data-element_type=\"widget\" data-e-type=\"widget\" data-widget_type=\"heading.default\">\n\t\t\t\t\t<h2 class=\"elementor-heading-title elementor-size-default\">Wdra\u017caj razem z nami<\/h2>\t\t\t\t<\/div>\n\t\t\t\t<div class=\"elementor-element elementor-element-b5b7b20 elementor-widget__width-initial elementor-widget elementor-widget-text-editor\" data-id=\"b5b7b20\" data-element_type=\"widget\" data-e-type=\"widget\" data-widget_type=\"text-editor.default\">\n\t\t\t\t\t\t\t\t\t<p>Skontaktuj si\u0119 z naszym ekspertem, aby dowiedzie\u0107 si\u0119 wi\u0119cej o produktach, us\u0142ugach, i case study, kt\u00f3re pomog\u0105 Ci usprawni\u0107 zarz\u0105dzanie firm\u0105.<\/p>\t\t\t\t\t\t\t\t<\/div>\n\t\t\t\t<\/div>\n\t\t\t\t<\/div>\n\t\t\t\t<\/div>\n\t\t<div class=\"elementor-element elementor-element-b38f08f e-con-full e-flex e-con e-child\" data-id=\"b38f08f\" data-element_type=\"container\" data-e-type=\"container\">\n\t\t\t\t<div class=\"elementor-element elementor-element-f3b8182 elementor-widget__width-inherit elementor-widget elementor-widget-wpforms\" data-id=\"f3b8182\" data-element_type=\"widget\" data-e-type=\"widget\" data-widget_type=\"wpforms.default\">\n\t\t\t\t<div class=\"elementor-widget-container\">\n\t\t\t\t\t<style id=\"wpforms-css-vars-elementor-widget-f3b8182\">\n\t\t\t\t.elementor-widget-wpforms.elementor-element-f3b8182 {\n\t\t\t\t--wpforms-field-border-color: #3F4A99;\n--wpforms-field-border-color-spare: #3F4A99;\n--wpforms-field-text-color: #1A1A2E;\n--wpforms-button-border-style: solid;\n--wpforms-button-border-size: 4px;\n--wpforms-button-background-color: #3F4A99;\n--wpforms-button-border-color: #CCD0EA;\n--wpforms-button-text-color: #E9EBF6;\n--wpforms-field-size-input-height: 50px;\n--wpforms-field-size-input-spacing: 20px;\n--wpforms-field-size-font-size: 18px;\n--wpforms-field-size-line-height: 21px;\n--wpforms-field-size-padding-h: 14px;\n--wpforms-field-size-checkbox-size: 18px;\n--wpforms-field-size-sublabel-spacing: 10px;\n--wpforms-field-size-icon-size: 1.25;\n--wpforms-button-size-font-size: 20px;\n--wpforms-button-size-height: 48px;\n--wpforms-button-size-padding-h: 20px;\n--wpforms-button-size-margin-top: 15px;\n\n\t\t\t}\n\t\t\t<\/style><div class=\"wpforms-container wpforms-container-full wpforms-render-modern\" id=\"wpforms-1044\"><form id=\"wpforms-form-1044\" class=\"wpforms-validate wpforms-form wpforms-ajax-form\" data-formid=\"1044\" method=\"post\" enctype=\"multipart\/form-data\" action=\"\/pl_PL\/wp-json\/wp\/v2\/pages\/1477\" data-token=\"7e61d5cb2924e81ccff1bd5626948a3e\" data-token-time=\"1776706567\"><noscript class=\"wpforms-error-noscript\">Aby wype\u0142ni\u0107 ten formularz, w\u0142\u0105cz obs\u0142ug\u0119 JavaScript w przegl\u0105darce.<\/noscript><div id=\"wpforms-error-noscript\" style=\"display: none;\">Aby wype\u0142ni\u0107 ten formularz, w\u0142\u0105cz obs\u0142ug\u0119 JavaScript w przegl\u0105darce.<\/div><div class=\"wpforms-field-container\"><div id=\"wpforms-1044-field_1-container\" class=\"wpforms-field wpforms-field-name\" data-field-id=\"1\"><label class=\"wpforms-field-label\" for=\"wpforms-1044-field_1\">Imi\u0119 i nazwisko <span class=\"wpforms-required-label\" aria-hidden=\"true\">*<\/span><\/label><input type=\"text\" id=\"wpforms-1044-field_1\" class=\"wpforms-field-large wpforms-field-required\" name=\"wpforms[fields][1]\" aria-errormessage=\"wpforms-1044-field_1-error\" required><\/div><div id=\"wpforms-1044-field_7-container\" class=\"wpforms-field wpforms-field-name\" data-field-id=\"7\"><label class=\"wpforms-field-label\" for=\"wpforms-1044-field_7\">Nazwa firmy  <span class=\"wpforms-required-label\" aria-hidden=\"true\">*<\/span><\/label><input type=\"text\" id=\"wpforms-1044-field_7\" class=\"wpforms-field-large wpforms-field-required\" name=\"wpforms[fields][7]\" aria-errormessage=\"wpforms-1044-field_7-error\" required><\/div><div id=\"wpforms-1044-field_8-container\" class=\"wpforms-field wpforms-field-name\" data-field-id=\"8\"><label class=\"wpforms-field-label\" for=\"wpforms-1044-field_8\">Stanowisko <span class=\"wpforms-required-label\" aria-hidden=\"true\">*<\/span><\/label><input type=\"text\" id=\"wpforms-1044-field_8\" class=\"wpforms-field-large wpforms-field-required\" name=\"wpforms[fields][8]\" aria-errormessage=\"wpforms-1044-field_8-error\" required><\/div><div id=\"wpforms-1044-field_10-container\" class=\"wpforms-field wpforms-field-layout\" data-field-id=\"10\"><div class=\"wpforms-field-layout-rows wpforms-field-large\"><div class=\"wpforms-layout-row\"><div class=\"wpforms-layout-column wpforms-layout-column-50\"><div id=\"wpforms-1044-field_2-container\" class=\"wpforms-field wpforms-field-email\" data-field-id=\"2\"><label class=\"wpforms-field-label\" for=\"wpforms-1044-field_2\">E-mail <span class=\"wpforms-required-label\" aria-hidden=\"true\">*<\/span><\/label><input type=\"email\" id=\"wpforms-1044-field_2\" class=\"wpforms-field-medium wpforms-field-required\" name=\"wpforms[fields][2]\" spellcheck=\"false\" aria-errormessage=\"wpforms-1044-field_2-error\" required><\/div><\/div><div class=\"wpforms-layout-column wpforms-layout-column-50\"><div id=\"wpforms-1044-field_9-container\" class=\"wpforms-field wpforms-field-phone\" data-field-id=\"9\"><label class=\"wpforms-field-label\" for=\"wpforms-1044-field_9\">Telefon<\/label><input type=\"tel\" id=\"wpforms-1044-field_9\" class=\"wpforms-field-medium wpforms-smart-phone-field\" data-rule-smart-phone-field=\"true\" name=\"wpforms[fields][9]\" aria-label=\"Telefon\" aria-errormessage=\"wpforms-1044-field_9-error\" ><\/div><\/div><\/div><\/div><\/div><div id=\"wpforms-1044-field_11-container\" class=\"wpforms-field wpforms-field-textarea\" data-field-id=\"11\"><label class=\"wpforms-field-label\" for=\"wpforms-1044-field_11\">Wybierz produkt i\/lub us\u0142ug\u0119, kt\u00f3ra Ci\u0119 interesuje<\/label><textarea id=\"wpforms-1044-field_11\" class=\"wpforms-field-medium\" name=\"wpforms[fields][11]\" aria-errormessage=\"wpforms-1044-field_11-error\" aria-describedby=\"wpforms-1044-field_11-description\" ><\/textarea><div id=\"wpforms-1044-field_11-description\" class=\"wpforms-field-description\">Mo\u017cesz wybra\u0107 wiele opcji.<\/div><\/div>\t\t<div id=\"wpforms-1044-field_4-container\"\n\t\t\tclass=\"wpforms-field wpforms-field-text\"\n\t\t\tdata-field-type=\"text\"\n\t\t\tdata-field-id=\"4\"\n\t\t\t>\n\t\t\t<label class=\"wpforms-field-label\" for=\"wpforms-1044-field_4\" >Tre\u015b\u0107 Akceptuj\u0119 Uk\u0142ad<\/label>\n\t\t\t<input type=\"text\" id=\"wpforms-1044-field_4\" class=\"wpforms-field-medium\" name=\"wpforms[fields][4]\" >\n\t\t<\/div>\n\t\t<div id=\"wpforms-1044-field_13-container\" class=\"wpforms-field wpforms-field-layout\" data-field-id=\"13\"><div class=\"wpforms-field-layout-rows wpforms-field-large\"><div class=\"wpforms-layout-row\"><div class=\"wpforms-layout-column wpforms-layout-column-50\"><div id=\"wpforms-1044-field_12-container\" class=\"wpforms-field wpforms-field-checkbox\" data-field-id=\"12\"><fieldset><legend class=\"wpforms-field-label\">Produkty<\/legend><ul id=\"wpforms-1044-field_12\"><li class=\"choice-1 depth-1\"><input type=\"checkbox\" id=\"wpforms-1044-field_12_1\" name=\"wpforms[fields][12][]\" value=\"MSD 365 Finance\" aria-errormessage=\"wpforms-1044-field_12_1-error\"  ><label class=\"wpforms-field-label-inline\" for=\"wpforms-1044-field_12_1\">MSD 365 Finance<\/label><\/li><li class=\"choice-2 depth-1\"><input type=\"checkbox\" id=\"wpforms-1044-field_12_2\" name=\"wpforms[fields][12][]\" value=\"MSD 365 SCM\" aria-errormessage=\"wpforms-1044-field_12_2-error\"  ><label class=\"wpforms-field-label-inline\" for=\"wpforms-1044-field_12_2\">MSD 365 SCM<\/label><\/li><li class=\"choice-3 depth-1\"><input type=\"checkbox\" id=\"wpforms-1044-field_12_3\" name=\"wpforms[fields][12][]\" value=\"MSD 365 CRM\" aria-errormessage=\"wpforms-1044-field_12_3-error\"  ><label class=\"wpforms-field-label-inline\" for=\"wpforms-1044-field_12_3\">MSD 365 CRM<\/label><\/li><li class=\"choice-4 depth-1\"><input type=\"checkbox\" id=\"wpforms-1044-field_12_4\" name=\"wpforms[fields][12][]\" value=\"Polish Localization Pack\" aria-errormessage=\"wpforms-1044-field_12_4-error\"  ><label class=\"wpforms-field-label-inline\" for=\"wpforms-1044-field_12_4\">Polish Localization Pack<\/label><\/li><li class=\"choice-5 depth-1\"><input type=\"checkbox\" id=\"wpforms-1044-field_12_5\" name=\"wpforms[fields][12][]\" value=\"Cegid Retail Y2\" aria-errormessage=\"wpforms-1044-field_12_5-error\"  ><label class=\"wpforms-field-label-inline\" for=\"wpforms-1044-field_12_5\">Cegid Retail Y2<\/label><\/li><li class=\"choice-6 depth-1\"><input type=\"checkbox\" id=\"wpforms-1044-field_12_6\" name=\"wpforms[fields][12][]\" value=\"Sprz\u0119t\" aria-errormessage=\"wpforms-1044-field_12_6-error\"  ><label class=\"wpforms-field-label-inline\" for=\"wpforms-1044-field_12_6\">Sprz\u0119t<\/label><\/li><\/ul><\/fieldset><\/div><\/div><div class=\"wpforms-layout-column wpforms-layout-column-50\"><div id=\"wpforms-1044-field_14-container\" class=\"wpforms-field wpforms-field-checkbox\" data-field-id=\"14\"><fieldset><legend class=\"wpforms-field-label\">Us\u0142ugi<\/legend><ul id=\"wpforms-1044-field_14\"><li class=\"choice-1 depth-1\"><input type=\"checkbox\" id=\"wpforms-1044-field_14_1\" name=\"wpforms[fields][14][]\" value=\"Serwis Dynamics\" aria-errormessage=\"wpforms-1044-field_14_1-error\"  ><label class=\"wpforms-field-label-inline\" for=\"wpforms-1044-field_14_1\">Serwis Dynamics<\/label><\/li><li class=\"choice-2 depth-1\"><input type=\"checkbox\" id=\"wpforms-1044-field_14_2\" name=\"wpforms[fields][14][]\" value=\"Integracja KSeF\" aria-errormessage=\"wpforms-1044-field_14_2-error\"  ><label class=\"wpforms-field-label-inline\" for=\"wpforms-1044-field_14_2\">Integracja KSeF<\/label><\/li><li class=\"choice-4 depth-1\"><input type=\"checkbox\" id=\"wpforms-1044-field_14_4\" name=\"wpforms[fields][14][]\" value=\"Konsulting\" aria-errormessage=\"wpforms-1044-field_14_4-error\"  ><label class=\"wpforms-field-label-inline\" for=\"wpforms-1044-field_14_4\">Konsulting<\/label><\/li><li class=\"choice-5 depth-1\"><input type=\"checkbox\" id=\"wpforms-1044-field_14_5\" name=\"wpforms[fields][14][]\" value=\"Zarz\u0105dzanie projektami\" aria-errormessage=\"wpforms-1044-field_14_5-error\"  ><label class=\"wpforms-field-label-inline\" for=\"wpforms-1044-field_14_5\">Zarz\u0105dzanie projektami<\/label><\/li><li class=\"choice-6 depth-1\"><input type=\"checkbox\" id=\"wpforms-1044-field_14_6\" name=\"wpforms[fields][14][]\" value=\"Go Live\" aria-errormessage=\"wpforms-1044-field_14_6-error\"  ><label class=\"wpforms-field-label-inline\" for=\"wpforms-1044-field_14_6\">Go Live<\/label><\/li><\/ul><\/fieldset><\/div><\/div><\/div><\/div><\/div><div id=\"wpforms-1044-field_3-container\" class=\"wpforms-field wpforms-field-textarea\" data-field-id=\"3\"><label class=\"wpforms-field-label\" for=\"wpforms-1044-field_3\">Tre\u015b\u0107 wiadomo\u015bci<\/label><textarea id=\"wpforms-1044-field_3\" class=\"wpforms-field-medium\" name=\"wpforms[fields][3]\" aria-errormessage=\"wpforms-1044-field_3-error\" aria-describedby=\"wpforms-1044-field_3-description\" ><\/textarea><div id=\"wpforms-1044-field_3-description\" class=\"wpforms-field-description\">Opisz, czego potrzebujesz<\/div><\/div><div id=\"wpforms-1044-field_15-container\" class=\"wpforms-field wpforms-field-checkbox\" data-field-id=\"15\"><fieldset><legend class=\"wpforms-field-label wpforms-label-hide\" aria-hidden=\"false\">Akceptuj\u0119 Warunki i Zasady <span class=\"wpforms-required-label\" aria-hidden=\"true\">*<\/span><\/legend><ul id=\"wpforms-1044-field_15\" class=\"wpforms-field-required\"><li class=\"choice-1 depth-1\"><input type=\"checkbox\" id=\"wpforms-1044-field_15_1\" name=\"wpforms[fields][15][]\" value=\"Akceptuj\u0119 Warunki i Zasady\" aria-errormessage=\"wpforms-1044-field_15_1-error\" required ><label class=\"wpforms-field-label-inline\" for=\"wpforms-1044-field_15_1\">Akceptuj\u0119 Warunki i Zasady<\/label><\/li><\/ul><\/fieldset><\/div><script>\n\t\t\t\t( function() {\n\t\t\t\t\tconst style = document.createElement( 'style' );\n\t\t\t\t\tstyle.appendChild( document.createTextNode( '#wpforms-1044-field_4-container { position: absolute !important; overflow: hidden !important; display: inline !important; height: 1px !important; width: 1px !important; z-index: -1000 !important; padding: 0 !important; } #wpforms-1044-field_4-container input { visibility: hidden; } #wpforms-conversational-form-page #wpforms-1044-field_4-container label { counter-increment: none; }' ) );\n\t\t\t\t\tdocument.head.appendChild( style );\n\t\t\t\t\tdocument.currentScript?.remove();\n\t\t\t\t} )();\n\t\t\t<\/script><\/div><!-- .wpforms-field-container --><div class=\"wpforms-submit-container\" ><input type=\"hidden\" name=\"wpforms[id]\" value=\"1044\"><input type=\"hidden\" name=\"page_title\" value=\"\"><input type=\"hidden\" name=\"page_url\" value=\"https:\/\/mspos.grupalucrum.pl\/pl_PL\/wp-json\/wp\/v2\/pages\/1477\"><input type=\"hidden\" name=\"url_referer\" value=\"\"><button type=\"submit\" name=\"wpforms[submit]\" id=\"wpforms-submit-1044\" class=\"wpforms-submit\" data-alt-text=\"Wysy\u0142anie...\" data-submit-text=\"Wy\u015blij wiadomo\u015b\u0107\" aria-live=\"assertive\" value=\"wpforms-submit\">Wy\u015blij wiadomo\u015b\u0107<\/button><img decoding=\"async\" src=\"https:\/\/mspos.grupalucrum.pl\/wp-content\/plugins\/wpforms\/assets\/images\/submit-spin.svg\" class=\"wpforms-submit-spinner\" style=\"display: none;\" width=\"26\" height=\"26\" alt=\"Wczytywanie\"><\/div><\/form><\/div>  <!-- .wpforms-container -->\t\t\t\t<\/div>\n\t\t\t\t<\/div>\n\t\t\t\t<\/div>\n\t\t\t\t<\/div>\n\t\t\t\t\t<\/div>\n\t\t\t\t<\/div>\n\t\t\t\t<\/div>\n\t\t","protected":false},"excerpt":{"rendered":"<p>Wdra\u017caj razem z nami Skontaktuj si\u0119 z naszym ekspertem, aby dowiedzie\u0107 si\u0119 wi\u0119cej o produktach, us\u0142ugach, i case study, kt\u00f3re pomog\u0105 Ci usprawni\u0107 zarz\u0105dzanie firm\u0105. Aby wype\u0142ni\u0107 ten formularz, w\u0142\u0105cz obs\u0142ug\u0119 JavaScript w przegl\u0105darce.Aby wype\u0142ni\u0107 ten formularz, w\u0142\u0105cz obs\u0142ug\u0119 JavaScript w przegl\u0105darce.Imi\u0119 i nazwisko *Nazwa firmy *Stanowisko *E-mail *Telefon Wybierz produkt i\/lub us\u0142ug\u0119, kt\u00f3ra Ci\u0119 [&hellip;]<\/p>\n","protected":false},"author":1,"featured_media":0,"parent":0,"menu_order":0,"comment_status":"closed","ping_status":"closed","template":"","meta":{"inline_featured_image":false,"footnotes":""},"class_list":["post-1477","page","type-page","status-publish","hentry"],"_links":{"self":[{"href":"https:\/\/mspos.grupalucrum.pl\/pl_PL\/wp-json\/wp\/v2\/pages\/1477","targetHints":{"allow":["GET"]}}],"collection":[{"href":"https:\/\/mspos.grupalucrum.pl\/pl_PL\/wp-json\/wp\/v2\/pages"}],"about":[{"href":"https:\/\/mspos.grupalucrum.pl\/pl_PL\/wp-json\/wp\/v2\/types\/page"}],"author":[{"embeddable":true,"href":"https:\/\/mspos.grupalucrum.pl\/pl_PL\/wp-json\/wp\/v2\/users\/1"}],"replies":[{"embeddable":true,"href":"https:\/\/mspos.grupalucrum.pl\/pl_PL\/wp-json\/wp\/v2\/comments?post=1477"}],"version-history":[{"count":10,"href":"https:\/\/mspos.grupalucrum.pl\/pl_PL\/wp-json\/wp\/v2\/pages\/1477\/revisions"}],"predecessor-version":[{"id":1967,"href":"https:\/\/mspos.grupalucrum.pl\/pl_PL\/wp-json\/wp\/v2\/pages\/1477\/revisions\/1967"}],"wp:attachment":[{"href":"https:\/\/mspos.grupalucrum.pl\/pl_PL\/wp-json\/wp\/v2\/media?parent=1477"}],"curies":[{"name":"wp","href":"https:\/\/api.w.org\/{rel}","templated":true}]}}